{"id":365,"date":"2021-10-12T09:47:29","date_gmt":"2021-10-12T13:47:29","guid":{"rendered":"https:\/\/nutrioria.naracreative.com\/faq\/"},"modified":"2022-02-24T09:03:10","modified_gmt":"2022-02-24T14:03:10","slug":"faq","status":"publish","type":"page","link":"https:\/\/nutrioria.com\/fr\/faq\/","title":{"rendered":"FAQ"},"content":{"rendered":"","protected":false},"excerpt":{"rendered":"","protected":false},"author":1,"featured_media":578,"parent":0,"menu_order":0,"comment_status":"closed","ping_status":"closed","template":"template-faq.php","meta":{"_acf_changed":false,"footnotes":""},"class_list":["post-365","page","type-page","status-publish","has-post-thumbnail","hentry","entry"],"acf":[],"yoast_head":"<!-- This site is optimized with the Yoast SEO plugin v22.0 - https:\/\/yoast.com\/wordpress\/plugins\/seo\/ -->\n<title>Foire Aux Questions de NUTRIORIA (FAQ)<\/title>\n<meta name=\"description\" content=\"D\u00e9couvrez les r\u00e9ponses aux questions qui nous sont les plus souvent pos\u00e9es sur nos services ou le d\u00e9roulement d&#039;une collaboration gr\u00e2ce \u00e0 notre FAQ.\" \/>\n<meta name=\"robots\" content=\"index, follow, max-snippet:-1, max-image-preview:large, max-video-preview:-1\" \/>\n<link rel=\"canonical\" href=\"https:\/\/nutrioria.com\/fr\/faq\/\" \/>\n<meta property=\"og:locale\" content=\"fr_FR\" \/>\n<meta property=\"og:type\" content=\"article\" \/>\n<meta property=\"og:title\" content=\"Foire Aux Questions de NUTRIORIA (FAQ)\" \/>\n<meta property=\"og:description\" content=\"D\u00e9couvrez les r\u00e9ponses aux questions qui nous sont les plus souvent pos\u00e9es sur nos services ou le d\u00e9roulement d&#039;une collaboration gr\u00e2ce \u00e0 notre FAQ.\" \/>\n<meta property=\"og:url\" content=\"https:\/\/nutrioria.com\/fr\/faq\/\" \/>\n<meta property=\"og:site_name\" content=\"Nutrioria\" \/>\n<meta property=\"article:modified_time\" content=\"2022-02-24T14:03:10+00:00\" \/>\n<meta property=\"og:image\" content=\"https:\/\/nutrioria.com\/wp-content\/uploads\/2022\/01\/dose-juice-sTPy-oeA3h0-unsplash-4-1.png\" \/>\n\t<meta property=\"og:image:width\" content=\"695\" \/>\n\t<meta property=\"og:image:height\" content=\"900\" \/>\n\t<meta property=\"og:image:type\" content=\"image\/png\" \/>\n<meta name=\"twitter:card\" content=\"summary_large_image\" \/>\n<script type=\"application\/ld+json\" class=\"yoast-schema-graph\">{\"@context\":\"https:\/\/schema.org\",\"@graph\":[{\"@type\":\"WebPage\",\"@id\":\"https:\/\/nutrioria.com\/fr\/faq\/\",\"url\":\"https:\/\/nutrioria.com\/fr\/faq\/\",\"name\":\"Foire Aux Questions de NUTRIORIA (FAQ)\",\"isPartOf\":{\"@id\":\"https:\/\/nutrioria.com\/fr\/#website\"},\"datePublished\":\"2021-10-12T13:47:29+00:00\",\"dateModified\":\"2022-02-24T14:03:10+00:00\",\"description\":\"D\u00e9couvrez les r\u00e9ponses aux questions qui nous sont les plus souvent pos\u00e9es sur nos services ou le d\u00e9roulement d'une collaboration gr\u00e2ce \u00e0 notre FAQ.\",\"breadcrumb\":{\"@id\":\"https:\/\/nutrioria.com\/fr\/faq\/#breadcrumb\"},\"inLanguage\":\"fr-FR\",\"potentialAction\":[{\"@type\":\"ReadAction\",\"target\":[\"https:\/\/nutrioria.com\/fr\/faq\/\"]}]},{\"@type\":\"BreadcrumbList\",\"@id\":\"https:\/\/nutrioria.com\/fr\/faq\/#breadcrumb\",\"itemListElement\":[{\"@type\":\"ListItem\",\"position\":1,\"name\":\"Home\",\"item\":\"https:\/\/nutrioria.com\/fr\/\"},{\"@type\":\"ListItem\",\"position\":2,\"name\":\"FAQ\"}]},{\"@type\":\"WebSite\",\"@id\":\"https:\/\/nutrioria.com\/fr\/#website\",\"url\":\"https:\/\/nutrioria.com\/fr\/\",\"name\":\"Nutrioria\",\"description\":\"\",\"potentialAction\":[{\"@type\":\"SearchAction\",\"target\":{\"@type\":\"EntryPoint\",\"urlTemplate\":\"https:\/\/nutrioria.com\/fr\/?s={search_term_string}\"},\"query-input\":\"required name=search_term_string\"}],\"inLanguage\":\"fr-FR\"}]}<\/script>\n<!-- \/ Yoast SEO plugin. -->","yoast_head_json":{"title":"Foire Aux Questions de NUTRIORIA (FAQ)","description":"D\u00e9couvrez les r\u00e9ponses aux questions qui nous sont les plus souvent pos\u00e9es sur nos services ou le d\u00e9roulement d'une collaboration gr\u00e2ce \u00e0 notre FAQ.","robots":{"index":"index","follow":"follow","max-snippet":"max-snippet:-1","max-image-preview":"max-image-preview:large","max-video-preview":"max-video-preview:-1"},"canonical":"https:\/\/nutrioria.com\/fr\/faq\/","og_locale":"fr_FR","og_type":"article","og_title":"Foire Aux Questions de NUTRIORIA (FAQ)","og_description":"D\u00e9couvrez les r\u00e9ponses aux questions qui nous sont les plus souvent pos\u00e9es sur nos services ou le d\u00e9roulement d'une collaboration gr\u00e2ce \u00e0 notre FAQ.","og_url":"https:\/\/nutrioria.com\/fr\/faq\/","og_site_name":"Nutrioria","article_modified_time":"2022-02-24T14:03:10+00:00","og_image":[{"width":695,"height":900,"url":"https:\/\/nutrioria.com\/wp-content\/uploads\/2022\/01\/dose-juice-sTPy-oeA3h0-unsplash-4-1.png","type":"image\/png"}],"twitter_card":"summary_large_image","schema":{"@context":"https:\/\/schema.org","@graph":[{"@type":"WebPage","@id":"https:\/\/nutrioria.com\/fr\/faq\/","url":"https:\/\/nutrioria.com\/fr\/faq\/","name":"Foire Aux Questions de NUTRIORIA (FAQ)","isPartOf":{"@id":"https:\/\/nutrioria.com\/fr\/#website"},"datePublished":"2021-10-12T13:47:29+00:00","dateModified":"2022-02-24T14:03:10+00:00","description":"D\u00e9couvrez les r\u00e9ponses aux questions qui nous sont les plus souvent pos\u00e9es sur nos services ou le d\u00e9roulement d'une collaboration gr\u00e2ce \u00e0 notre FAQ.","breadcrumb":{"@id":"https:\/\/nutrioria.com\/fr\/faq\/#breadcrumb"},"inLanguage":"fr-FR","potentialAction":[{"@type":"ReadAction","target":["https:\/\/nutrioria.com\/fr\/faq\/"]}]},{"@type":"BreadcrumbList","@id":"https:\/\/nutrioria.com\/fr\/faq\/#breadcrumb","itemListElement":[{"@type":"ListItem","position":1,"name":"Home","item":"https:\/\/nutrioria.com\/fr\/"},{"@type":"ListItem","position":2,"name":"FAQ"}]},{"@type":"WebSite","@id":"https:\/\/nutrioria.com\/fr\/#website","url":"https:\/\/nutrioria.com\/fr\/","name":"Nutrioria","description":"","potentialAction":[{"@type":"SearchAction","target":{"@type":"EntryPoint","urlTemplate":"https:\/\/nutrioria.com\/fr\/?s={search_term_string}"},"query-input":"required name=search_term_string"}],"inLanguage":"fr-FR"}]}},"_links":{"self":[{"href":"https:\/\/nutrioria.com\/fr\/wp-json\/wp\/v2\/pages\/365","targetHints":{"allow":["GET"]}}],"collection":[{"href":"https:\/\/nutrioria.com\/fr\/wp-json\/wp\/v2\/pages"}],"about":[{"href":"https:\/\/nutrioria.com\/fr\/wp-json\/wp\/v2\/types\/page"}],"author":[{"embeddable":true,"href":"https:\/\/nutrioria.com\/fr\/wp-json\/wp\/v2\/users\/1"}],"replies":[{"embeddable":true,"href":"https:\/\/nutrioria.com\/fr\/wp-json\/wp\/v2\/comments?post=365"}],"version-history":[{"count":63,"href":"https:\/\/nutrioria.com\/fr\/wp-json\/wp\/v2\/pages\/365\/revisions"}],"predecessor-version":[{"id":1050,"href":"https:\/\/nutrioria.com\/fr\/wp-json\/wp\/v2\/pages\/365\/revisions\/1050"}],"wp:featuredmedia":[{"embeddable":true,"href":"https:\/\/nutrioria.com\/fr\/wp-json\/wp\/v2\/media\/578"}],"wp:attachment":[{"href":"https:\/\/nutrioria.com\/fr\/wp-json\/wp\/v2\/media?parent=365"}],"curies":[{"name":"wp","href":"https:\/\/api.w.org\/{rel}","templated":true}]}}